{"id":5743,"date":"2024-08-29T14:25:54","date_gmt":"2024-08-29T18:25:54","guid":{"rendered":"https:\/\/bodze.com\/ginecomastia-2\/"},"modified":"2025-01-03T11:13:52","modified_gmt":"2025-01-03T16:13:52","slug":"ginecomastia-2","status":"publish","type":"page","link":"https:\/\/bodze.com\/es\/fotos-de-antes-y-despues\/hombres\/ginecomastia\/","title":{"rendered":"Ginecomastia"},"content":{"rendered":"[vc_row type=\u00bbfull_width_background\u00bb full_screen_row_position=\u00bbmiddle\u00bb column_margin=\u00bbdefault\u00bb column_direction=\u00bbdefault\u00bb column_direction_tablet=\u00bbdefault\u00bb column_direction_phone=\u00bbdefault\u00bb scene_position=\u00bbcenter\u00bb top_padding=\u00bb5%\u00bb constrain_group_1=\u00bbyes\u00bb bottom_padding=\u00bb5%\u00bb top_padding_tablet=\u00bb10%\u00bb constrain_group_3=\u00bbyes\u00bb bottom_padding_tablet=\u00bb10%\u00bb top_padding_phone=\u00bb10%\u00bb constrain_group_5=\u00bbyes\u00bb bottom_padding_phone=\u00bb10%\u00bb text_color=\u00bbdark\u00bb text_align=\u00bbleft\u00bb row_border_radius=\u00bbnone\u00bb row_border_radius_applies=\u00bbbg\u00bb overflow=\u00bbvisible\u00bb overlay_strength=\u00bb0.3&#8243; gradient_direction=\u00bbleft_to_right\u00bb shape_divider_position=\u00bbbottom\u00bb bg_image_animation=\u00bbnone\u00bb gradient_type=\u00bbdefault\u00bb shape_type=\u00bb\u00bb][vc_column column_padding=\u00bbno-extra-padding\u00bb column_padding_tablet=\u00bbinherit\u00bb column_padding_phone=\u00bbinherit\u00bb column_padding_position=\u00bball\u00bb column_element_direction_desktop=\u00bbdefault\u00bb column_element_spacing=\u00bbdefault\u00bb desktop_text_alignment=\u00bbdefault\u00bb tablet_text_alignment=\u00bbdefault\u00bb phone_text_alignment=\u00bbdefault\u00bb background_color_opacity=\u00bb1&#8243; background_hover_color_opacity=\u00bb1&#8243; column_backdrop_filter=\u00bbnone\u00bb column_shadow=\u00bbnone\u00bb column_border_radius=\u00bbnone\u00bb column_link_target=\u00bb_self\u00bb column_position=\u00bbdefault\u00bb gradient_direction=\u00bbleft_to_right\u00bb overlay_strength=\u00bb0.3&#8243; width=\u00bb1\/1&#8243; tablet_width_inherit=\u00bbdefault\u00bb animation_type=\u00bbdefault\u00bb bg_image_animation=\u00bbnone\u00bb border_type=\u00bbsimple\u00bb column_border_width=\u00bbnone\u00bb column_border_style=\u00bbsolid\u00bb][vc_custom_heading text=\u00bbGinecomastia\u00bb font_container=\u00bbtag:h1|text_align:center\u00bb use_theme_fonts=\u00bbyes\u00bb css=\u00bb\u00bb][divider line_type=\u00bbNo Line\u00bb custom_height=\u00bb15&#8243;][vc_custom_heading text=\u00bbFotos de antes y despu\u00e9s de hombres\u00bb font_container=\u00bbtag:h5|text_align:center\u00bb use_theme_fonts=\u00bbyes\u00bb css=\u00bb\u00bb][divider line_type=\u00bbVertical Line\u00bb divider_color=\u00bbdefault\u00bb custom_height=\u00bb50&#8243;][\/vc_column][\/vc_row][vc_row type=\u00bbfull_width_background\u00bb full_screen_row_position=\u00bbmiddle\u00bb column_margin=\u00bbdefault\u00bb column_direction=\u00bbdefault\u00bb column_direction_tablet=\u00bbdefault\u00bb column_direction_phone=\u00bbdefault\u00bb bg_color=\u00bb#f9f9f9&#8243; scene_position=\u00bbcenter\u00bb top_padding=\u00bb5%\u00bb constrain_group_1=\u00bbyes\u00bb bottom_padding=\u00bb5%\u00bb top_padding_phone=\u00bb10%\u00bb constrain_group_5=\u00bbyes\u00bb bottom_padding_phone=\u00bb10%\u00bb text_color=\u00bbdark\u00bb text_align=\u00bbleft\u00bb row_border_radius=\u00bbnone\u00bb row_border_radius_applies=\u00bbbg\u00bb overflow=\u00bbvisible\u00bb overlay_strength=\u00bb0.3&#8243; gradient_direction=\u00bbleft_to_right\u00bb shape_divider_position=\u00bbbottom\u00bb bg_image_animation=\u00bbnone\u00bb gradient_type=\u00bbdefault\u00bb shape_type=\u00bb\u00bb][vc_column column_padding=\u00bbno-extra-padding\u00bb column_padding_tablet=\u00bbinherit\u00bb column_padding_phone=\u00bbinherit\u00bb column_padding_position=\u00bball\u00bb column_element_direction_desktop=\u00bbdefault\u00bb column_element_spacing=\u00bbdefault\u00bb desktop_text_alignment=\u00bbdefault\u00bb tablet_text_alignment=\u00bbdefault\u00bb phone_text_alignment=\u00bbdefault\u00bb background_color_opacity=\u00bb1&#8243; background_hover_color_opacity=\u00bb1&#8243; column_backdrop_filter=\u00bbnone\u00bb column_shadow=\u00bbnone\u00bb column_border_radius=\u00bbnone\u00bb column_link_target=\u00bb_self\u00bb column_position=\u00bbdefault\u00bb gradient_direction=\u00bbleft_to_right\u00bb overlay_strength=\u00bb0.3&#8243; width=\u00bb1\/1&#8243; tablet_width_inherit=\u00bbdefault\u00bb animation_type=\u00bbdefault\u00bb bg_image_animation=\u00bbnone\u00bb border_type=\u00bbsimple\u00bb column_border_width=\u00bbnone\u00bb column_border_style=\u00bbsolid\u00bb][nectar_post_grid post_type=\u00bbportfolio\u00bb portfolio_category=\u00bbginecomastia-hombres\u00bb order=\u00bbASC\u00bb orderby=\u00bbrand\u00bb pagination=\u00bbload-more\u00bb button_color=\u00bbextra-color-1&#8243; columns=\u00bb4&#8243; columns_tablet=\u00bb2&#8243; columns_phone=\u00bb1&#8243; grid_item_spacing=\u00bb10px\u00bb grid_item_height=\u00bb30vh\u00bb 4_col_masonry_layout=\u00bbdefault\u00bb image_size=\u00bblarge\u00bb aspect_ratio_image_size=\u00bbyes\u00bb custom_image_aspect_ratio=\u00bbdefault\u00bb image_loading=\u00bbdefault\u00bb animation=\u00bbnone\u00bb animation_stagger=\u00bb90&#8243; animation_easing=\u00bbdefault\u00bb heading_tag=\u00bbh4&#8243; enable_indicator=\u00bbyes\u00bb mouse_indicator_style=\u00bbdefault\u00bb mouse_indicator_text=\u00bbview\u00bb mouse_indicator_color=\u00bbrgba(244,244,244,0.35)\u00bb mouse_indicator_text_color=\u00bb#0a0a0a\u00bb mouse_indicator_blurred_bg=\u00bbyes\u00bb display_excerpt=\u00bbyes\u00bb excerpt_display=\u00bbdefault\u00bb additional_meta_size=\u00bbdefault\u00bb grid_style=\u00bbcontent_under_image\u00bb card_design=\u00bbyes\u00bb content_under_image_text_align=\u00bbleft\u00bb text_color=\u00bbdark\u00bb hover_effect=\u00bbanimated_underline\u00bb border_radius=\u00bb10px\u00bb shadow_on_hover=\u00bbyes\u00bb read_more_button=\u00bbyes\u00bb display_type=\u00bbgrid\u00bb posts_per_page=\u00bb8&#8243;][\/vc_column][\/vc_row]\n","protected":false},"excerpt":{"rendered":"<p>[vc_row type=\u00bbfull_width_background\u00bb full_screen_row_position=\u00bbmiddle\u00bb column_margin=\u00bbdefault\u00bb column_direction=\u00bbdefault\u00bb column_direction_tablet=\u00bbdefault\u00bb column_direction_phone=\u00bbdefault\u00bb scene_position=\u00bbcenter\u00bb top_padding=\u00bb5%\u00bb constrain_group_1=\u00bbyes\u00bb bottom_padding=\u00bb5%\u00bb top_padding_tablet=\u00bb10%\u00bb constrain_group_3=\u00bbyes\u00bb bottom_padding_tablet=\u00bb10%\u00bb top_padding_phone=\u00bb10%\u00bb constrain_group_5=\u00bbyes\u00bb bottom_padding_phone=\u00bb10%\u00bb text_color=\u00bbdark\u00bb text_align=\u00bbleft\u00bb row_border_radius=\u00bbnone\u00bb row_border_radius_applies=\u00bbbg\u00bb overflow=\u00bbvisible\u00bb overlay_strength=\u00bb0.3&#8243; gradient_direction=\u00bbleft_to_right\u00bb shape_divider_position=\u00bbbottom\u00bb bg_image_animation=\u00bbnone\u00bb gradient_type=\u00bbdefault\u00bb shape_type=\u00bb\u00bb][vc_column column_padding=\u00bbno-extra-padding\u00bb column_padding_tablet=\u00bbinherit\u00bb&#8230;<\/p>\n","protected":false},"author":2,"featured_media":0,"parent":5749,"menu_order":0,"comment_status":"closed","ping_status":"closed","template":"","meta":{"footnotes":""},"class_list":["post-5743","page","type-page","status-publish"],"yoast_head":"<!-- This site is optimized with the Yoast SEO plugin v27.3 - https:\/\/yoast.com\/product\/yoast-seo-wordpress\/ -->\n<title>Hombres Ginecomastia Fotos de antes y despu\u00e9s en b\u014fdze<\/title>\n<meta name=\"description\" content=\"Mira las impresionantes transformaciones de Ginecomastia en b\u014fdze. Mira nuestra galer\u00eda de fotos para ver c\u00f3mo te ayudamos a conseguir tus objetivos est\u00e9ticos.\" \/>\n<meta name=\"robots\" content=\"index, follow, max-snippet:-1, max-image-preview:large, max-video-preview:-1\" \/>\n<link rel=\"canonical\" href=\"https:\/\/bodze.com\/es\/fotos-de-antes-y-despues\/hombres\/ginecomastia\/\" \/>\n<meta property=\"og:locale\" content=\"es_ES\" \/>\n<meta property=\"og:type\" content=\"article\" \/>\n<meta property=\"og:title\" content=\"Hombres Ginecomastia Fotos de antes y despu\u00e9s en b\u014fdze\" \/>\n<meta property=\"og:description\" content=\"Mira las impresionantes transformaciones de Ginecomastia en b\u014fdze. Mira nuestra galer\u00eda de fotos para ver c\u00f3mo te ayudamos a conseguir tus objetivos est\u00e9ticos.\" \/>\n<meta property=\"og:url\" content=\"https:\/\/bodze.com\/es\/fotos-de-antes-y-despues\/hombres\/ginecomastia\/\" \/>\n<meta property=\"og:site_name\" content=\"b\u014fdze\" \/>\n<meta property=\"article:publisher\" content=\"https:\/\/www.facebook.com\/hibodze\" \/>\n<meta property=\"article:modified_time\" content=\"2025-01-03T16:13:52+00:00\" \/>\n<meta property=\"og:image\" content=\"https:\/\/bodze.com\/wp-content\/uploads\/2025\/03\/bodze-Default-Feature-Image.jpg\" \/>\n\t<meta property=\"og:image:width\" content=\"1920\" \/>\n\t<meta property=\"og:image:height\" content=\"1080\" \/>\n\t<meta property=\"og:image:type\" content=\"image\/jpeg\" \/>\n<meta name=\"twitter:card\" content=\"summary_large_image\" \/>\n<meta name=\"twitter:label1\" content=\"Tiempo de lectura\" \/>\n\t<meta name=\"twitter:data1\" content=\"1 minuto\" \/>\n<script type=\"application\/ld+json\" class=\"yoast-schema-graph\">{\"@context\":\"https:\\\/\\\/schema.org\",\"@graph\":[{\"@type\":\"WebPage\",\"@id\":\"https:\\\/\\\/bodze.com\\\/es\\\/fotos-de-antes-y-despues\\\/hombres\\\/ginecomastia\\\/\",\"url\":\"https:\\\/\\\/bodze.com\\\/es\\\/fotos-de-antes-y-despues\\\/hombres\\\/ginecomastia\\\/\",\"name\":\"Hombres Ginecomastia Fotos de antes y despu\u00e9s en b\u014fdze\",\"isPartOf\":{\"@id\":\"https:\\\/\\\/bodze.com\\\/es\\\/#website\"},\"datePublished\":\"2024-08-29T18:25:54+00:00\",\"dateModified\":\"2025-01-03T16:13:52+00:00\",\"description\":\"Mira las impresionantes transformaciones de Ginecomastia en b\u014fdze. Mira nuestra galer\u00eda de fotos para ver c\u00f3mo te ayudamos a conseguir tus objetivos est\u00e9ticos.\",\"breadcrumb\":{\"@id\":\"https:\\\/\\\/bodze.com\\\/es\\\/fotos-de-antes-y-despues\\\/hombres\\\/ginecomastia\\\/#breadcrumb\"},\"inLanguage\":\"es\",\"potentialAction\":[{\"@type\":\"ReadAction\",\"target\":[\"https:\\\/\\\/bodze.com\\\/es\\\/fotos-de-antes-y-despues\\\/hombres\\\/ginecomastia\\\/\"]}]},{\"@type\":\"BreadcrumbList\",\"@id\":\"https:\\\/\\\/bodze.com\\\/es\\\/fotos-de-antes-y-despues\\\/hombres\\\/ginecomastia\\\/#breadcrumb\",\"itemListElement\":[{\"@type\":\"ListItem\",\"position\":1,\"name\":\"Home\",\"item\":\"https:\\\/\\\/bodze.com\\\/es\\\/\"},{\"@type\":\"ListItem\",\"position\":2,\"name\":\"Fotos de antes y despu\u00e9s\",\"item\":\"https:\\\/\\\/bodze.com\\\/es\\\/fotos-del-antes-y-el-despues\\\/\"},{\"@type\":\"ListItem\",\"position\":3,\"name\":\"Fotos de antes y despu\u00e9s para hombres\",\"item\":\"https:\\\/\\\/bodze.com\\\/es\\\/fotos-de-antes-y-despues\\\/hombres\\\/\"},{\"@type\":\"ListItem\",\"position\":4,\"name\":\"Ginecomastia\"}]},{\"@type\":\"WebSite\",\"@id\":\"https:\\\/\\\/bodze.com\\\/es\\\/#website\",\"url\":\"https:\\\/\\\/bodze.com\\\/es\\\/\",\"name\":\"b\u014fdze\",\"description\":\"Plastic Surgery &amp; Medical Spa Serving Tampa Bay\",\"publisher\":{\"@id\":\"https:\\\/\\\/bodze.com\\\/es\\\/#organization\"},\"potentialAction\":[{\"@type\":\"SearchAction\",\"target\":{\"@type\":\"EntryPoint\",\"urlTemplate\":\"https:\\\/\\\/bodze.com\\\/es\\\/?s={search_term_string}\"},\"query-input\":{\"@type\":\"PropertyValueSpecification\",\"valueRequired\":true,\"valueName\":\"search_term_string\"}}],\"inLanguage\":\"es\"},{\"@type\":\"Organization\",\"@id\":\"https:\\\/\\\/bodze.com\\\/es\\\/#organization\",\"name\":\"b\u014fdze Plastic Surgery and Medical Spa\",\"alternateName\":\"Bodze\",\"url\":\"https:\\\/\\\/bodze.com\\\/es\\\/\",\"logo\":{\"@type\":\"ImageObject\",\"inLanguage\":\"es\",\"@id\":\"https:\\\/\\\/bodze.com\\\/es\\\/#\\\/schema\\\/logo\\\/image\\\/\",\"url\":\"https:\\\/\\\/bodze.com\\\/wp-content\\\/uploads\\\/2025\\\/03\\\/bodze-Default-Site-Image.jpg\",\"contentUrl\":\"https:\\\/\\\/bodze.com\\\/wp-content\\\/uploads\\\/2025\\\/03\\\/bodze-Default-Site-Image.jpg\",\"width\":1080,\"height\":1080,\"caption\":\"b\u014fdze Plastic Surgery and Medical Spa\"},\"image\":{\"@id\":\"https:\\\/\\\/bodze.com\\\/es\\\/#\\\/schema\\\/logo\\\/image\\\/\"},\"sameAs\":[\"https:\\\/\\\/www.facebook.com\\\/hibodze\",\"https:\\\/\\\/www.instagram.com\\\/hibodze\",\"https:\\\/\\\/www.tiktok.com\\\/@bodze.com\",\"https:\\\/\\\/www.youtube.com\\\/@hibodze\"]}]}<\/script>\n<!-- \/ Yoast SEO plugin. -->","yoast_head_json":{"title":"Hombres Ginecomastia Fotos de antes y despu\u00e9s en b\u014fdze","description":"Mira las impresionantes transformaciones de Ginecomastia en b\u014fdze. Mira nuestra galer\u00eda de fotos para ver c\u00f3mo te ayudamos a conseguir tus objetivos est\u00e9ticos.","robots":{"index":"index","follow":"follow","max-snippet":"max-snippet:-1","max-image-preview":"max-image-preview:large","max-video-preview":"max-video-preview:-1"},"canonical":"https:\/\/bodze.com\/es\/fotos-de-antes-y-despues\/hombres\/ginecomastia\/","og_locale":"es_ES","og_type":"article","og_title":"Hombres Ginecomastia Fotos de antes y despu\u00e9s en b\u014fdze","og_description":"Mira las impresionantes transformaciones de Ginecomastia en b\u014fdze. Mira nuestra galer\u00eda de fotos para ver c\u00f3mo te ayudamos a conseguir tus objetivos est\u00e9ticos.","og_url":"https:\/\/bodze.com\/es\/fotos-de-antes-y-despues\/hombres\/ginecomastia\/","og_site_name":"b\u014fdze","article_publisher":"https:\/\/www.facebook.com\/hibodze","article_modified_time":"2025-01-03T16:13:52+00:00","og_image":[{"width":1920,"height":1080,"url":"https:\/\/bodze.com\/wp-content\/uploads\/2025\/03\/bodze-Default-Feature-Image.jpg","type":"image\/jpeg"}],"twitter_card":"summary_large_image","twitter_misc":{"Tiempo de lectura":"1 minuto"},"schema":{"@context":"https:\/\/schema.org","@graph":[{"@type":"WebPage","@id":"https:\/\/bodze.com\/es\/fotos-de-antes-y-despues\/hombres\/ginecomastia\/","url":"https:\/\/bodze.com\/es\/fotos-de-antes-y-despues\/hombres\/ginecomastia\/","name":"Hombres Ginecomastia Fotos de antes y despu\u00e9s en b\u014fdze","isPartOf":{"@id":"https:\/\/bodze.com\/es\/#website"},"datePublished":"2024-08-29T18:25:54+00:00","dateModified":"2025-01-03T16:13:52+00:00","description":"Mira las impresionantes transformaciones de Ginecomastia en b\u014fdze. Mira nuestra galer\u00eda de fotos para ver c\u00f3mo te ayudamos a conseguir tus objetivos est\u00e9ticos.","breadcrumb":{"@id":"https:\/\/bodze.com\/es\/fotos-de-antes-y-despues\/hombres\/ginecomastia\/#breadcrumb"},"inLanguage":"es","potentialAction":[{"@type":"ReadAction","target":["https:\/\/bodze.com\/es\/fotos-de-antes-y-despues\/hombres\/ginecomastia\/"]}]},{"@type":"BreadcrumbList","@id":"https:\/\/bodze.com\/es\/fotos-de-antes-y-despues\/hombres\/ginecomastia\/#breadcrumb","itemListElement":[{"@type":"ListItem","position":1,"name":"Home","item":"https:\/\/bodze.com\/es\/"},{"@type":"ListItem","position":2,"name":"Fotos de antes y despu\u00e9s","item":"https:\/\/bodze.com\/es\/fotos-del-antes-y-el-despues\/"},{"@type":"ListItem","position":3,"name":"Fotos de antes y despu\u00e9s para hombres","item":"https:\/\/bodze.com\/es\/fotos-de-antes-y-despues\/hombres\/"},{"@type":"ListItem","position":4,"name":"Ginecomastia"}]},{"@type":"WebSite","@id":"https:\/\/bodze.com\/es\/#website","url":"https:\/\/bodze.com\/es\/","name":"b\u014fdze","description":"Plastic Surgery &amp; Medical Spa Serving Tampa Bay","publisher":{"@id":"https:\/\/bodze.com\/es\/#organization"},"potentialAction":[{"@type":"SearchAction","target":{"@type":"EntryPoint","urlTemplate":"https:\/\/bodze.com\/es\/?s={search_term_string}"},"query-input":{"@type":"PropertyValueSpecification","valueRequired":true,"valueName":"search_term_string"}}],"inLanguage":"es"},{"@type":"Organization","@id":"https:\/\/bodze.com\/es\/#organization","name":"b\u014fdze Plastic Surgery and Medical Spa","alternateName":"Bodze","url":"https:\/\/bodze.com\/es\/","logo":{"@type":"ImageObject","inLanguage":"es","@id":"https:\/\/bodze.com\/es\/#\/schema\/logo\/image\/","url":"https:\/\/bodze.com\/wp-content\/uploads\/2025\/03\/bodze-Default-Site-Image.jpg","contentUrl":"https:\/\/bodze.com\/wp-content\/uploads\/2025\/03\/bodze-Default-Site-Image.jpg","width":1080,"height":1080,"caption":"b\u014fdze Plastic Surgery and Medical Spa"},"image":{"@id":"https:\/\/bodze.com\/es\/#\/schema\/logo\/image\/"},"sameAs":["https:\/\/www.facebook.com\/hibodze","https:\/\/www.instagram.com\/hibodze","https:\/\/www.tiktok.com\/@bodze.com","https:\/\/www.youtube.com\/@hibodze"]}]}},"jetpack_sharing_enabled":true,"_links":{"self":[{"href":"https:\/\/bodze.com\/es\/wp-json\/wp\/v2\/pages\/5743","targetHints":{"allow":["GET"]}}],"collection":[{"href":"https:\/\/bodze.com\/es\/wp-json\/wp\/v2\/pages"}],"about":[{"href":"https:\/\/bodze.com\/es\/wp-json\/wp\/v2\/types\/page"}],"author":[{"embeddable":true,"href":"https:\/\/bodze.com\/es\/wp-json\/wp\/v2\/users\/2"}],"replies":[{"embeddable":true,"href":"https:\/\/bodze.com\/es\/wp-json\/wp\/v2\/comments?post=5743"}],"version-history":[{"count":3,"href":"https:\/\/bodze.com\/es\/wp-json\/wp\/v2\/pages\/5743\/revisions"}],"predecessor-version":[{"id":6182,"href":"https:\/\/bodze.com\/es\/wp-json\/wp\/v2\/pages\/5743\/revisions\/6182"}],"up":[{"embeddable":true,"href":"https:\/\/bodze.com\/es\/wp-json\/wp\/v2\/pages\/5749"}],"wp:attachment":[{"href":"https:\/\/bodze.com\/es\/wp-json\/wp\/v2\/media?parent=5743"}],"curies":[{"name":"wp","href":"https:\/\/api.w.org\/{rel}","templated":true}]}}