{"id":5749,"date":"2024-08-28T15:00:43","date_gmt":"2024-08-28T19:00:43","guid":{"rendered":"https:\/\/bodze.com\/hombres\/"},"modified":"2025-09-22T16:01:13","modified_gmt":"2025-09-22T20:01:13","slug":"hombres","status":"publish","type":"page","link":"https:\/\/bodze.com\/es\/fotos-de-antes-y-despues\/hombres\/","title":{"rendered":"Fotos de antes y despu\u00e9s para hombres"},"content":{"rendered":"[vc_row type=\u00bbfull_width_background\u00bb full_screen_row_position=\u00bbmiddle\u00bb column_margin=\u00bbdefault\u00bb column_direction=\u00bbdefault\u00bb column_direction_tablet=\u00bbdefault\u00bb column_direction_phone=\u00bbdefault\u00bb scene_position=\u00bbcenter\u00bb top_padding=\u00bb5%\u00bb constrain_group_1=\u00bbyes\u00bb bottom_padding=\u00bb5%\u00bb top_padding_tablet=\u00bb10%\u00bb constrain_group_3=\u00bbyes\u00bb bottom_padding_tablet=\u00bb10%\u00bb top_padding_phone=\u00bb10%\u00bb constrain_group_5=\u00bbyes\u00bb bottom_padding_phone=\u00bb10%\u00bb text_color=\u00bbdark\u00bb text_align=\u00bbleft\u00bb row_border_radius=\u00bbnone\u00bb row_border_radius_applies=\u00bbbg\u00bb overflow=\u00bbvisible\u00bb overlay_strength=\u00bb0.3&#8243; gradient_direction=\u00bbleft_to_right\u00bb shape_divider_position=\u00bbbottom\u00bb bg_image_animation=\u00bbnone\u00bb gradient_type=\u00bbdefault\u00bb shape_type=\u00bb\u00bb][vc_column column_padding=\u00bbno-extra-padding\u00bb column_padding_tablet=\u00bbinherit\u00bb column_padding_phone=\u00bbinherit\u00bb column_padding_position=\u00bball\u00bb column_element_direction_desktop=\u00bbdefault\u00bb column_element_spacing=\u00bbdefault\u00bb desktop_text_alignment=\u00bbdefault\u00bb tablet_text_alignment=\u00bbdefault\u00bb phone_text_alignment=\u00bbdefault\u00bb background_color_opacity=\u00bb1&#8243; background_hover_color_opacity=\u00bb1&#8243; column_backdrop_filter=\u00bbnone\u00bb column_shadow=\u00bbnone\u00bb column_border_radius=\u00bbnone\u00bb column_link_target=\u00bb_self\u00bb column_position=\u00bbdefault\u00bb gradient_direction=\u00bbleft_to_right\u00bb overlay_strength=\u00bb0.3&#8243; width=\u00bb1\/1&#8243; tablet_width_inherit=\u00bbdefault\u00bb animation_type=\u00bbdefault\u00bb enable_animation=\u00bbtrue\u00bb animation=\u00bbslight-fade-in-from-bottom\u00bb animation_easing=\u00bbdefault\u00bb bg_image_animation=\u00bbnone\u00bb border_type=\u00bbsimple\u00bb column_border_width=\u00bbnone\u00bb column_border_style=\u00bbsolid\u00bb column_padding_type=\u00bbdefault\u00bb gradient_type=\u00bbdefault\u00bb][vc_custom_heading text=\u00bbHombres<br \/>\nFotos de antes y despu\u00e9s\u00bb font_container=\u00bbtag:h1|text_align:center\u00bb use_theme_fonts=\u00bbyes\u00bb css=\u00bb\u00bb][divider line_type=\u00bbVertical Line\u00bb divider_color=\u00bbdefault\u00bb custom_height=\u00bb50&#8243;][\/vc_column][\/vc_row][vc_row type=\u00bbfull_width_content\u00bb full_screen_row_position=\u00bbmiddle\u00bb column_margin=\u00bb20px\u00bb column_direction=\u00bbdefault\u00bb column_direction_tablet=\u00bbdefault\u00bb column_direction_phone=\u00bbdefault\u00bb scene_position=\u00bbcenter\u00bb bottom_padding=\u00bb6%\u00bb text_color=\u00bbdark\u00bb text_align=\u00bbleft\u00bb row_border_radius=\u00bbnone\u00bb row_border_radius_applies=\u00bbbg\u00bb overflow=\u00bbvisible\u00bb overlay_strength=\u00bb0.3&#8243; gradient_direction=\u00bbleft_to_right\u00bb shape_divider_position=\u00bbbottom\u00bb bg_image_animation=\u00bbnone\u00bb shape_type=\u00bb\u00bb gradient_type=\u00bbdefault\u00bb][vc_column column_padding=\u00bbno-extra-padding\u00bb column_padding_tablet=\u00bbinherit\u00bb column_padding_phone=\u00bbinherit\u00bb column_padding_position=\u00bball\u00bb column_element_direction_desktop=\u00bbdefault\u00bb column_element_spacing=\u00bbdefault\u00bb desktop_text_alignment=\u00bbdefault\u00bb tablet_text_alignment=\u00bbdefault\u00bb phone_text_alignment=\u00bbdefault\u00bb background_color_opacity=\u00bb1&#8243; background_hover_color_opacity=\u00bb1&#8243; column_backdrop_filter=\u00bbnone\u00bb column_shadow=\u00bbnone\u00bb column_border_radius=\u00bbnone\u00bb column_link_target=\u00bb_self\u00bb column_position=\u00bbdefault\u00bb gradient_direction=\u00bbleft_to_right\u00bb overlay_strength=\u00bb0.3&#8243; width=\u00bb1\/1&#8243; tablet_width_inherit=\u00bbdefault\u00bb animation_type=\u00bbdefault\u00bb bg_image_animation=\u00bbnone\u00bb border_type=\u00bbsimple\u00bb column_border_width=\u00bbnone\u00bb column_border_style=\u00bbsolid\u00bb][vc_row_inner column_margin=\u00bb20px\u00bb column_direction=\u00bbdefault\u00bb column_direction_tablet=\u00bbdefault\u00bb column_direction_phone=\u00bbdefault\u00bb text_align=\u00bbleft\u00bb row_position=\u00bbdefault\u00bb row_position_tablet=\u00bbinherit\u00bb row_position_phone=\u00bbinherit\u00bb overflow=\u00bbvisible\u00bb pointer_events=\u00bball\u00bb][vc_column_inner column_padding=\u00bbno-extra-padding\u00bb column_padding_tablet=\u00bbinherit\u00bb column_padding_phone=\u00bbinherit\u00bb column_padding_position=\u00bball\u00bb column_element_direction_desktop=\u00bbdefault\u00bb column_element_spacing=\u00bbdefault\u00bb desktop_text_alignment=\u00bbdefault\u00bb tablet_text_alignment=\u00bbdefault\u00bb phone_text_alignment=\u00bbdefault\u00bb background_color_opacity=\u00bb1&#8243; background_hover_color_opacity=\u00bb1&#8243; column_backdrop_filter=\u00bbnone\u00bb column_shadow=\u00bbnone\u00bb column_border_radius=\u00bbnone\u00bb column_link_target=\u00bb_self\u00bb overflow=\u00bbvisible\u00bb gradient_direction=\u00bbleft_to_right\u00bb overlay_strength=\u00bb0.3&#8243; width=\u00bb1\/4&#8243; tablet_width_inherit=\u00bbdefault\u00bb animation_type=\u00bbdefault\u00bb enable_animation=\u00bbtrue\u00bb animation=\u00bbfade-in-from-bottom\u00bb animation_easing=\u00bbdefault\u00bb bg_image_animation=\u00bbnone\u00bb border_type=\u00bbsimple\u00bb column_border_width=\u00bbnone\u00bb column_border_style=\u00bbsolid\u00bb][fancy_box box_style=\u00bbhover_desc\u00bb icon_family=\u00bbnone\u00bb image_url=\u00bb1932&#8243; hover_color=\u00bbextra-color-1&#8243; hover_color_custom=\u00bb#0a0a0a\u00bb hover_desc_color_opacity=\u00bbdefault\u00bb hover_desc_hover_overlay_opacity=\u00bbdefault\u00bb icon_position=\u00bbbottom\u00bb box_alignment=\u00bbleft\u00bb hover_desc_bg_animation=\u00bblong_zoom\u00bb border_radius=\u00bb10px\u00bb image_loading=\u00bblazy-load\u00bb color_scheme=\u00bbdark\u00bb secondary_content=\u00bbhere&#8217;s some awesome text that would only be shown on hover\u00bb min_height=\u00bb600&#8243; link_url=\u00bbhttps:\/\/bodze.com\/es\/fotos-de-antes-y-despues\/hombres\/abdominoplastia\/\u00bb link_screen_reader=\u00bbView Photo Gallery\u00bb min_height_tablet=\u00bb500&#8243; min_height_phone=\u00bb450&#8243;]\n<h2>Abdominoplastia<\/h2>\n<p>Ver fotos \u25b8[\/fancy_box][\/vc_column_inner][vc_column_inner column_padding=\u00bbno-extra-padding\u00bb column_padding_tablet=\u00bbinherit\u00bb column_padding_phone=\u00bbinherit\u00bb column_padding_position=\u00bball\u00bb column_element_direction_desktop=\u00bbdefault\u00bb column_element_spacing=\u00bbdefault\u00bb desktop_text_alignment=\u00bbdefault\u00bb tablet_text_alignment=\u00bbdefault\u00bb phone_text_alignment=\u00bbdefault\u00bb background_color_opacity=\u00bb1&#8243; background_hover_color_opacity=\u00bb1&#8243; column_backdrop_filter=\u00bbnone\u00bb column_shadow=\u00bbnone\u00bb column_border_radius=\u00bbnone\u00bb column_link_target=\u00bb_self\u00bb overflow=\u00bbvisible\u00bb gradient_direction=\u00bbleft_to_right\u00bb overlay_strength=\u00bb0.3&#8243; width=\u00bb1\/4&#8243; tablet_width_inherit=\u00bbdefault\u00bb animation_type=\u00bbdefault\u00bb enable_animation=\u00bbtrue\u00bb animation=\u00bbfade-in-from-bottom\u00bb animation_easing=\u00bbdefault\u00bb bg_image_animation=\u00bbnone\u00bb border_type=\u00bbsimple\u00bb column_border_width=\u00bbnone\u00bb column_border_style=\u00bbsolid\u00bb delay=\u00bb50&#8243;][fancy_box box_style=\u00bbhover_desc\u00bb icon_family=\u00bbnone\u00bb image_url=\u00bb1933&#8243; hover_color=\u00bbextra-color-1&#8243; hover_color_custom=\u00bb#0a0a0a\u00bb hover_desc_color_opacity=\u00bbdefault\u00bb hover_desc_hover_overlay_opacity=\u00bbdefault\u00bb icon_position=\u00bbbottom\u00bb box_alignment=\u00bbleft\u00bb hover_desc_bg_animation=\u00bblong_zoom\u00bb border_radius=\u00bb10px\u00bb image_loading=\u00bblazy-load\u00bb color_scheme=\u00bbdark\u00bb secondary_content=\u00bbhere&#8217;s some awesome text that would only be shown on hover\u00bb min_height=\u00bb600&#8243; link_url=\u00bbhttps:\/\/bodze.com\/es\/fotos-del-antes-y-el-despues\/hombres\/gynecomastia-2\/\u00bb link_screen_reader=\u00bbView Photo Gallery\u00bb min_height_tablet=\u00bb500&#8243; min_height_phone=\u00bb450&#8243;]\n<h2>Ginecomastia<\/h2>\n<p>Ver fotos \u25b8[\/fancy_box][\/vc_column_inner][vc_column_inner column_padding=\u00bbno-extra-padding\u00bb column_padding_tablet=\u00bbinherit\u00bb column_padding_phone=\u00bbinherit\u00bb column_padding_position=\u00bball\u00bb column_element_direction_desktop=\u00bbdefault\u00bb column_element_spacing=\u00bbdefault\u00bb desktop_text_alignment=\u00bbdefault\u00bb tablet_text_alignment=\u00bbdefault\u00bb phone_text_alignment=\u00bbdefault\u00bb background_color_opacity=\u00bb1&#8243; background_hover_color_opacity=\u00bb1&#8243; column_backdrop_filter=\u00bbnone\u00bb column_shadow=\u00bbnone\u00bb column_border_radius=\u00bbnone\u00bb column_link_target=\u00bb_self\u00bb overflow=\u00bbvisible\u00bb gradient_direction=\u00bbleft_to_right\u00bb overlay_strength=\u00bb0.3&#8243; width=\u00bb1\/4&#8243; tablet_width_inherit=\u00bbdefault\u00bb animation_type=\u00bbdefault\u00bb enable_animation=\u00bbtrue\u00bb animation=\u00bbfade-in-from-bottom\u00bb animation_easing=\u00bbdefault\u00bb bg_image_animation=\u00bbnone\u00bb border_type=\u00bbsimple\u00bb column_border_width=\u00bbnone\u00bb column_border_style=\u00bbsolid\u00bb delay=\u00bb100&#8243;][fancy_box box_style=\u00bbhover_desc\u00bb icon_family=\u00bbnone\u00bb image_url=\u00bb1871&#8243; hover_color=\u00bbextra-color-1&#8243; hover_color_custom=\u00bb#0a0a0a\u00bb hover_desc_color_opacity=\u00bbdefault\u00bb hover_desc_hover_overlay_opacity=\u00bbdefault\u00bb icon_position=\u00bbbottom\u00bb box_alignment=\u00bbleft\u00bb hover_desc_bg_animation=\u00bblong_zoom\u00bb border_radius=\u00bb10px\u00bb image_loading=\u00bblazy-load\u00bb color_scheme=\u00bbdark\u00bb secondary_content=\u00bbhere&#8217;s some awesome text that would only be shown on hover\u00bb min_height=\u00bb600&#8243; link_url=\u00bbhttps:\/\/bodze.com\/es\/fotos-de-antes-y-despues\/hombres\/liposuccion-360\/\u00bb link_screen_reader=\u00bbView Photo Gallery\u00bb min_height_tablet=\u00bb500&#8243; min_height_phone=\u00bb450&#8243;]\n<h2>Liposucci\u00f3n 360<\/h2>\n<p>Ver fotos \u25b8[\/fancy_box][\/vc_column_inner][vc_column_inner column_padding=\u00bbno-extra-padding\u00bb column_padding_tablet=\u00bbinherit\u00bb column_padding_phone=\u00bbinherit\u00bb column_padding_position=\u00bball\u00bb column_element_direction_desktop=\u00bbdefault\u00bb column_element_spacing=\u00bbdefault\u00bb desktop_text_alignment=\u00bbdefault\u00bb tablet_text_alignment=\u00bbdefault\u00bb phone_text_alignment=\u00bbdefault\u00bb background_color_opacity=\u00bb1&#8243; background_hover_color_opacity=\u00bb1&#8243; column_backdrop_filter=\u00bbnone\u00bb column_shadow=\u00bbnone\u00bb column_border_radius=\u00bbnone\u00bb column_link_target=\u00bb_self\u00bb overflow=\u00bbvisible\u00bb gradient_direction=\u00bbleft_to_right\u00bb overlay_strength=\u00bb0.3&#8243; width=\u00bb1\/4&#8243; tablet_width_inherit=\u00bbdefault\u00bb animation_type=\u00bbdefault\u00bb enable_animation=\u00bbtrue\u00bb animation=\u00bbfade-in-from-bottom\u00bb animation_easing=\u00bbdefault\u00bb bg_image_animation=\u00bbnone\u00bb border_type=\u00bbsimple\u00bb column_border_width=\u00bbnone\u00bb column_border_style=\u00bbsolid\u00bb delay=\u00bb150&#8243;][\/vc_column_inner][\/vc_row_inner][\/vc_column][\/vc_row]\n","protected":false},"excerpt":{"rendered":"<p>[vc_row type=\u00bbfull_width_background\u00bb full_screen_row_position=\u00bbmiddle\u00bb column_margin=\u00bbdefault\u00bb column_direction=\u00bbdefault\u00bb column_direction_tablet=\u00bbdefault\u00bb column_direction_phone=\u00bbdefault\u00bb scene_position=\u00bbcenter\u00bb top_padding=\u00bb5%\u00bb constrain_group_1=\u00bbyes\u00bb bottom_padding=\u00bb5%\u00bb top_padding_tablet=\u00bb10%\u00bb constrain_group_3=\u00bbyes\u00bb bottom_padding_tablet=\u00bb10%\u00bb top_padding_phone=\u00bb10%\u00bb constrain_group_5=\u00bbyes\u00bb bottom_padding_phone=\u00bb10%\u00bb text_color=\u00bbdark\u00bb text_align=\u00bbleft\u00bb row_border_radius=\u00bbnone\u00bb row_border_radius_applies=\u00bbbg\u00bb overflow=\u00bbvisible\u00bb overlay_strength=\u00bb0.3&#8243; gradient_direction=\u00bbleft_to_right\u00bb shape_divider_position=\u00bbbottom\u00bb bg_image_animation=\u00bbnone\u00bb gradient_type=\u00bbdefault\u00bb shape_type=\u00bb\u00bb][vc_column column_padding=\u00bbno-extra-padding\u00bb column_padding_tablet=\u00bbinherit\u00bb&#8230;<\/p>\n","protected":false},"author":2,"featured_media":0,"parent":5804,"menu_order":0,"comment_status":"closed","ping_status":"closed","template":"","meta":{"footnotes":""},"class_list":["post-5749","page","type-page","status-publish"],"yoast_head":"<!-- This site is optimized with the Yoast SEO plugin v27.3 - https:\/\/yoast.com\/product\/yoast-seo-wordpress\/ -->\n<title>Fotos de antes y despu\u00e9s para hombres at b\u014fdze.<\/title>\n<meta name=\"description\" content=\"Explora nuestros resultados masculinos en b\u014fdze, Tampa. Nuestras fotos de antes y despu\u00e9s de pacientes reales te ayudar\u00e1n a visualizar tus objetivos est\u00e9ticos.\" \/>\n<meta name=\"robots\" content=\"index, follow, max-snippet:-1, max-image-preview:large, max-video-preview:-1\" \/>\n<link rel=\"canonical\" href=\"https:\/\/bodze.com\/es\/fotos-de-antes-y-despues\/hombres\/\" \/>\n<meta property=\"og:locale\" content=\"es_ES\" \/>\n<meta property=\"og:type\" content=\"article\" \/>\n<meta property=\"og:title\" content=\"Fotos de antes y despu\u00e9s para hombres at b\u014fdze.\" \/>\n<meta property=\"og:description\" content=\"Explora nuestros resultados masculinos en b\u014fdze, Tampa. Nuestras fotos de antes y despu\u00e9s de pacientes reales te ayudar\u00e1n a visualizar tus objetivos est\u00e9ticos.\" \/>\n<meta property=\"og:url\" content=\"https:\/\/bodze.com\/es\/fotos-de-antes-y-despues\/hombres\/\" \/>\n<meta property=\"og:site_name\" content=\"b\u014fdze\" \/>\n<meta property=\"article:publisher\" content=\"https:\/\/www.facebook.com\/hibodze\" \/>\n<meta property=\"article:modified_time\" content=\"2025-09-22T20:01:13+00:00\" \/>\n<meta property=\"og:image\" content=\"https:\/\/bodze.com\/wp-content\/uploads\/2025\/03\/bodze-Default-Feature-Image.jpg\" \/>\n\t<meta property=\"og:image:width\" content=\"1920\" \/>\n\t<meta property=\"og:image:height\" content=\"1080\" \/>\n\t<meta property=\"og:image:type\" content=\"image\/jpeg\" \/>\n<meta name=\"twitter:card\" content=\"summary_large_image\" \/>\n<meta name=\"twitter:label1\" content=\"Tiempo de lectura\" \/>\n\t<meta name=\"twitter:data1\" content=\"3 minutos\" \/>\n<script type=\"application\/ld+json\" class=\"yoast-schema-graph\">{\"@context\":\"https:\\\/\\\/schema.org\",\"@graph\":[{\"@type\":\"WebPage\",\"@id\":\"https:\\\/\\\/bodze.com\\\/es\\\/fotos-de-antes-y-despues\\\/hombres\\\/\",\"url\":\"https:\\\/\\\/bodze.com\\\/es\\\/fotos-de-antes-y-despues\\\/hombres\\\/\",\"name\":\"Fotos de antes y despu\u00e9s para hombres at b\u014fdze.\",\"isPartOf\":{\"@id\":\"https:\\\/\\\/bodze.com\\\/es\\\/#website\"},\"datePublished\":\"2024-08-28T19:00:43+00:00\",\"dateModified\":\"2025-09-22T20:01:13+00:00\",\"description\":\"Explora nuestros resultados masculinos en b\u014fdze, Tampa. Nuestras fotos de antes y despu\u00e9s de pacientes reales te ayudar\u00e1n a visualizar tus objetivos est\u00e9ticos.\",\"breadcrumb\":{\"@id\":\"https:\\\/\\\/bodze.com\\\/es\\\/fotos-de-antes-y-despues\\\/hombres\\\/#breadcrumb\"},\"inLanguage\":\"es\",\"potentialAction\":[{\"@type\":\"ReadAction\",\"target\":[\"https:\\\/\\\/bodze.com\\\/es\\\/fotos-de-antes-y-despues\\\/hombres\\\/\"]}]},{\"@type\":\"BreadcrumbList\",\"@id\":\"https:\\\/\\\/bodze.com\\\/es\\\/fotos-de-antes-y-despues\\\/hombres\\\/#breadcrumb\",\"itemListElement\":[{\"@type\":\"ListItem\",\"position\":1,\"name\":\"Home\",\"item\":\"https:\\\/\\\/bodze.com\\\/es\\\/\"},{\"@type\":\"ListItem\",\"position\":2,\"name\":\"Fotos de antes y despu\u00e9s\",\"item\":\"https:\\\/\\\/bodze.com\\\/es\\\/fotos-del-antes-y-el-despues\\\/\"},{\"@type\":\"ListItem\",\"position\":3,\"name\":\"Fotos de antes y despu\u00e9s para hombres\"}]},{\"@type\":\"WebSite\",\"@id\":\"https:\\\/\\\/bodze.com\\\/es\\\/#website\",\"url\":\"https:\\\/\\\/bodze.com\\\/es\\\/\",\"name\":\"b\u014fdze\",\"description\":\"Plastic Surgery &amp; Medical Spa Serving Tampa Bay\",\"publisher\":{\"@id\":\"https:\\\/\\\/bodze.com\\\/es\\\/#organization\"},\"potentialAction\":[{\"@type\":\"SearchAction\",\"target\":{\"@type\":\"EntryPoint\",\"urlTemplate\":\"https:\\\/\\\/bodze.com\\\/es\\\/?s={search_term_string}\"},\"query-input\":{\"@type\":\"PropertyValueSpecification\",\"valueRequired\":true,\"valueName\":\"search_term_string\"}}],\"inLanguage\":\"es\"},{\"@type\":\"Organization\",\"@id\":\"https:\\\/\\\/bodze.com\\\/es\\\/#organization\",\"name\":\"b\u014fdze Plastic Surgery and Medical Spa\",\"alternateName\":\"Bodze\",\"url\":\"https:\\\/\\\/bodze.com\\\/es\\\/\",\"logo\":{\"@type\":\"ImageObject\",\"inLanguage\":\"es\",\"@id\":\"https:\\\/\\\/bodze.com\\\/es\\\/#\\\/schema\\\/logo\\\/image\\\/\",\"url\":\"https:\\\/\\\/bodze.com\\\/wp-content\\\/uploads\\\/2025\\\/03\\\/bodze-Default-Site-Image.jpg\",\"contentUrl\":\"https:\\\/\\\/bodze.com\\\/wp-content\\\/uploads\\\/2025\\\/03\\\/bodze-Default-Site-Image.jpg\",\"width\":1080,\"height\":1080,\"caption\":\"b\u014fdze Plastic Surgery and Medical Spa\"},\"image\":{\"@id\":\"https:\\\/\\\/bodze.com\\\/es\\\/#\\\/schema\\\/logo\\\/image\\\/\"},\"sameAs\":[\"https:\\\/\\\/www.facebook.com\\\/hibodze\",\"https:\\\/\\\/www.instagram.com\\\/hibodze\",\"https:\\\/\\\/www.tiktok.com\\\/@bodze.com\",\"https:\\\/\\\/www.youtube.com\\\/@hibodze\"]}]}<\/script>\n<!-- \/ Yoast SEO plugin. -->","yoast_head_json":{"title":"Fotos de antes y despu\u00e9s para hombres at b\u014fdze.","description":"Explora nuestros resultados masculinos en b\u014fdze, Tampa. Nuestras fotos de antes y despu\u00e9s de pacientes reales te ayudar\u00e1n a visualizar tus objetivos est\u00e9ticos.","robots":{"index":"index","follow":"follow","max-snippet":"max-snippet:-1","max-image-preview":"max-image-preview:large","max-video-preview":"max-video-preview:-1"},"canonical":"https:\/\/bodze.com\/es\/fotos-de-antes-y-despues\/hombres\/","og_locale":"es_ES","og_type":"article","og_title":"Fotos de antes y despu\u00e9s para hombres at b\u014fdze.","og_description":"Explora nuestros resultados masculinos en b\u014fdze, Tampa. Nuestras fotos de antes y despu\u00e9s de pacientes reales te ayudar\u00e1n a visualizar tus objetivos est\u00e9ticos.","og_url":"https:\/\/bodze.com\/es\/fotos-de-antes-y-despues\/hombres\/","og_site_name":"b\u014fdze","article_publisher":"https:\/\/www.facebook.com\/hibodze","article_modified_time":"2025-09-22T20:01:13+00:00","og_image":[{"width":1920,"height":1080,"url":"https:\/\/bodze.com\/wp-content\/uploads\/2025\/03\/bodze-Default-Feature-Image.jpg","type":"image\/jpeg"}],"twitter_card":"summary_large_image","twitter_misc":{"Tiempo de lectura":"3 minutos"},"schema":{"@context":"https:\/\/schema.org","@graph":[{"@type":"WebPage","@id":"https:\/\/bodze.com\/es\/fotos-de-antes-y-despues\/hombres\/","url":"https:\/\/bodze.com\/es\/fotos-de-antes-y-despues\/hombres\/","name":"Fotos de antes y despu\u00e9s para hombres at b\u014fdze.","isPartOf":{"@id":"https:\/\/bodze.com\/es\/#website"},"datePublished":"2024-08-28T19:00:43+00:00","dateModified":"2025-09-22T20:01:13+00:00","description":"Explora nuestros resultados masculinos en b\u014fdze, Tampa. Nuestras fotos de antes y despu\u00e9s de pacientes reales te ayudar\u00e1n a visualizar tus objetivos est\u00e9ticos.","breadcrumb":{"@id":"https:\/\/bodze.com\/es\/fotos-de-antes-y-despues\/hombres\/#breadcrumb"},"inLanguage":"es","potentialAction":[{"@type":"ReadAction","target":["https:\/\/bodze.com\/es\/fotos-de-antes-y-despues\/hombres\/"]}]},{"@type":"BreadcrumbList","@id":"https:\/\/bodze.com\/es\/fotos-de-antes-y-despues\/hombres\/#breadcrumb","itemListElement":[{"@type":"ListItem","position":1,"name":"Home","item":"https:\/\/bodze.com\/es\/"},{"@type":"ListItem","position":2,"name":"Fotos de antes y despu\u00e9s","item":"https:\/\/bodze.com\/es\/fotos-del-antes-y-el-despues\/"},{"@type":"ListItem","position":3,"name":"Fotos de antes y despu\u00e9s para hombres"}]},{"@type":"WebSite","@id":"https:\/\/bodze.com\/es\/#website","url":"https:\/\/bodze.com\/es\/","name":"b\u014fdze","description":"Plastic Surgery &amp; Medical Spa Serving Tampa Bay","publisher":{"@id":"https:\/\/bodze.com\/es\/#organization"},"potentialAction":[{"@type":"SearchAction","target":{"@type":"EntryPoint","urlTemplate":"https:\/\/bodze.com\/es\/?s={search_term_string}"},"query-input":{"@type":"PropertyValueSpecification","valueRequired":true,"valueName":"search_term_string"}}],"inLanguage":"es"},{"@type":"Organization","@id":"https:\/\/bodze.com\/es\/#organization","name":"b\u014fdze Plastic Surgery and Medical Spa","alternateName":"Bodze","url":"https:\/\/bodze.com\/es\/","logo":{"@type":"ImageObject","inLanguage":"es","@id":"https:\/\/bodze.com\/es\/#\/schema\/logo\/image\/","url":"https:\/\/bodze.com\/wp-content\/uploads\/2025\/03\/bodze-Default-Site-Image.jpg","contentUrl":"https:\/\/bodze.com\/wp-content\/uploads\/2025\/03\/bodze-Default-Site-Image.jpg","width":1080,"height":1080,"caption":"b\u014fdze Plastic Surgery and Medical Spa"},"image":{"@id":"https:\/\/bodze.com\/es\/#\/schema\/logo\/image\/"},"sameAs":["https:\/\/www.facebook.com\/hibodze","https:\/\/www.instagram.com\/hibodze","https:\/\/www.tiktok.com\/@bodze.com","https:\/\/www.youtube.com\/@hibodze"]}]}},"jetpack_sharing_enabled":true,"_links":{"self":[{"href":"https:\/\/bodze.com\/es\/wp-json\/wp\/v2\/pages\/5749","targetHints":{"allow":["GET"]}}],"collection":[{"href":"https:\/\/bodze.com\/es\/wp-json\/wp\/v2\/pages"}],"about":[{"href":"https:\/\/bodze.com\/es\/wp-json\/wp\/v2\/types\/page"}],"author":[{"embeddable":true,"href":"https:\/\/bodze.com\/es\/wp-json\/wp\/v2\/users\/2"}],"replies":[{"embeddable":true,"href":"https:\/\/bodze.com\/es\/wp-json\/wp\/v2\/comments?post=5749"}],"version-history":[{"count":13,"href":"https:\/\/bodze.com\/es\/wp-json\/wp\/v2\/pages\/5749\/revisions"}],"predecessor-version":[{"id":9090,"href":"https:\/\/bodze.com\/es\/wp-json\/wp\/v2\/pages\/5749\/revisions\/9090"}],"up":[{"embeddable":true,"href":"https:\/\/bodze.com\/es\/wp-json\/wp\/v2\/pages\/5804"}],"wp:attachment":[{"href":"https:\/\/bodze.com\/es\/wp-json\/wp\/v2\/media?parent=5749"}],"curies":[{"name":"wp","href":"https:\/\/api.w.org\/{rel}","templated":true}]}}